{"id":23789,"date":"2025-12-23T21:46:36","date_gmt":"2025-12-23T21:46:36","guid":{"rendered":"https:\/\/flughafentaxi-muenchen.eu\/kuenye\/"},"modified":"2025-12-30T22:40:45","modified_gmt":"2025-12-30T22:40:45","slug":"kuenye","status":"publish","type":"page","link":"https:\/\/flughafentaxi-muenchen.eu\/tr\/kuenye\/","title":{"rendered":"K\u00fcnye"},"content":{"rendered":"<div class=\"fusion-fullwidth fullwidth-box fusion-builder-row-1 fusion-flex-container has-pattern-background has-mask-background nonhundred-percent-fullwidth non-hundred-percent-height-scrolling\" style=\"--awb-border-radius-top-left:0px;--awb-border-radius-top-right:0px;--awb-border-radius-bottom-right:0px;--awb-border-radius-bottom-left:0px;--awb-flex-wrap:wrap;\" ><div class=\"fusion-builder-row fusion-row fusion-flex-align-items-flex-start fusion-flex-content-wrap\" style=\"max-width:1256.6px;margin-left: calc(-3% \/ 2 );margin-right: calc(-3% \/ 2 );\"><div class=\"fusion-layout-column fusion_builder_column fusion-builder-column-0 fusion_builder_column_1_1 1_1 fusion-flex-column\" style=\"--awb-bg-size:cover;--awb-width-large:100%;--awb-margin-top-large:50px;--awb-spacing-right-large:1.455%;--awb-margin-bottom-large:0px;--awb-spacing-left-large:1.455%;--awb-width-medium:100%;--awb-order-medium:0;--awb-spacing-right-medium:1.455%;--awb-spacing-left-medium:1.455%;--awb-width-small:100%;--awb-order-small:0;--awb-spacing-right-small:1.455%;--awb-spacing-left-small:1.455%;\"><div class=\"fusion-column-wrapper fusion-column-has-shadow fusion-flex-justify-content-flex-start fusion-content-layout-column\"><div class=\"fusion-title title fusion-title-1 fusion-sep-none fusion-title-text fusion-title-size-three\"><h3 class=\"fusion-title-heading title-heading-left fusion-responsive-typography-calculated\" style=\"margin:0;--fontSize:36;line-height:var(--awb-typography1-line-height);\">K\u00fcnye<\/h3><\/div><div class=\"fusion-text fusion-text-1\"><p>\u00a7 5 DDG uyar\u0131nca bilgiler<\/p>\n<p>Taksi ve kiral\u0131k ara\u00e7 \u015firketi<br \/>Fatma Kol<br \/>85399 Hallbergmoos<br \/>Almanya<\/p>\n<p>\u0130leti\u015fim<br \/>Telefon: +49 171 126 51 83<br \/>E-posta: info@flughafentaxi-muenchen.eu<\/p>\n<p>Sahibi<br \/>Fatma Kol<\/p>\n<p>\u00a7 27a UStG uyar\u0131nca katma de\u011fer vergisi kimlik numaras\u0131<br \/>DE258700769<\/p>\n<p>Yetkili denetim ve onay makam\u0131<br \/>[Taksi ve kiral\u0131k ara\u00e7 ruhsatlar\u0131 i\u00e7in makam, \u00f6rne\u011fin il\u00e7e idari referat\u0131 veya b\u00f6lge ofisi][Makama ait adres]<\/p>\n<p>\u00a7 18 Abs. 2 MStV uyar\u0131nca i\u00e7erikten sorumlu ki\u015fi<br \/>Fatma Kol <\/p>\n<p>\u0130ptal Ko\u015fullar\u0131<br \/>Seyahat ba\u015flang\u0131c\u0131ndan 2 saat \u00f6ncesine kadar yap\u0131lan iptaller \u00fccretsizdir.<br \/>Daha sonra yap\u0131lan iptallerde tam \u00fccret tahsil edilecektir.<\/p>\n<p>\u00a7 36 VSBG uyar\u0131nca t\u00fcketici anla\u015fmazl\u0131klar\u0131n\u0131n \u00e7\u00f6z\u00fcmlenmesine ili\u015fkin not<br \/>Bir t\u00fcketici tahkim kurulunda anla\u015fmazl\u0131k \u00e7\u00f6zme prosed\u00fcr\u00fcne kat\u0131lmak zorunda de\u011filiz ve kat\u0131lmaya haz\u0131r de\u011filiz.<\/p>\n<p>Reklam E-postalar\u0131na \u0130tiraz<br \/>K\u00fcnye y\u00fck\u00fcml\u00fcl\u00fc\u011f\u00fc kapsam\u0131nda yay\u0131nlanan ileti\u015fim bilgilerinin, a\u00e7\u0131k\u00e7a talep edilmeyen reklam ve bilgilendirme materyallerinin g\u00f6nderilmesi amac\u0131yla kullan\u0131lmas\u0131na itiraz edilmektedir.<br \/>Talep edilmeyen reklam bilgilerinin g\u00f6nderilmesi durumunda yasal i\u015flem ba\u015flatma hakk\u0131m\u0131z\u0131 sakl\u0131 tutar\u0131z.<\/p>\n<\/div><div class=\"fusion-text fusion-text-2\"><p data-start=\"139\" data-end=\"156\"><strong data-start=\"139\" data-end=\"156\">Resim Kaynaklar\u0131<\/strong><\/p>\n<ul data-start=\"158\" data-end=\"445\">\n<li data-start=\"158\" data-end=\"263\">\n<p data-start=\"160\" data-end=\"263\">\u201eM\u00fcnih Havaalan\u0131 \u00dczerinden G\u00f6r\u00fcn\u00fcm\u201c \u2013 Foto\u011fraf: <strong data-start=\"198\" data-end=\"232\">TomAF \/ Getty Images Signature<\/strong>, <strong data-start=\"250\" data-end=\"263\">Canva Pro<\/strong> arac\u0131l\u0131\u011f\u0131yla lisansl\u0131d\u0131r<\/p>\n<\/li>\n<li data-start=\"264\" data-end=\"363\">\n<p data-start=\"266\" data-end=\"363\">\u201eKarda Y\u00fcr\u00fcyen \u0130ki Adam\u201c \u2013 Foto\u011fraf: <strong data-start=\"305\" data-end=\"332\">Flo Maderebner \/ Pexels<\/strong>, <strong data-start=\"350\" data-end=\"363\">Canva Pro<\/strong> arac\u0131l\u0131\u011f\u0131yla lisansl\u0131d\u0131r<\/p>\n<\/li>\n<li data-start=\"364\" data-end=\"445\">\n<p data-start=\"366\" data-end=\"445\">\u201eTaksi\u201c \u2013 Foto\u011fraf: <strong data-start=\"384\" data-end=\"414\">Cameris \/ Getty Images Pro<\/strong>, <strong data-start=\"432\" data-end=\"445\">Canva Pro<\/strong> arac\u0131l\u0131\u011f\u0131yla lisansl\u0131d\u0131r<\/p>\n<\/li>\n<\/ul>\n<\/div><\/div><\/div><\/div><\/div>\n","protected":false},"excerpt":{"rendered":"","protected":false},"author":1,"featured_media":0,"parent":0,"menu_order":0,"comment_status":"closed","ping_status":"closed","template":"100-width.php","meta":{"_acf_changed":false,"footnotes":""},"class_list":["post-23789","page","type-page","status-publish","hentry"],"acf":[],"_links":{"self":[{"href":"https:\/\/flughafentaxi-muenchen.eu\/tr\/wp-json\/wp\/v2\/pages\/23789","targetHints":{"allow":["GET"]}}],"collection":[{"href":"https:\/\/flughafentaxi-muenchen.eu\/tr\/wp-json\/wp\/v2\/pages"}],"about":[{"href":"https:\/\/flughafentaxi-muenchen.eu\/tr\/wp-json\/wp\/v2\/types\/page"}],"author":[{"embeddable":true,"href":"https:\/\/flughafentaxi-muenchen.eu\/tr\/wp-json\/wp\/v2\/users\/1"}],"replies":[{"embeddable":true,"href":"https:\/\/flughafentaxi-muenchen.eu\/tr\/wp-json\/wp\/v2\/comments?post=23789"}],"version-history":[{"count":0,"href":"https:\/\/flughafentaxi-muenchen.eu\/tr\/wp-json\/wp\/v2\/pages\/23789\/revisions"}],"wp:attachment":[{"href":"https:\/\/flughafentaxi-muenchen.eu\/tr\/wp-json\/wp\/v2\/media?parent=23789"}],"curies":[{"name":"wp","href":"https:\/\/api.w.org\/{rel}","templated":true}]}}