{"id":24063,"date":"2025-12-21T22:25:48","date_gmt":"2025-12-21T22:25:48","guid":{"rendered":"https:\/\/flughafentaxi-muenchen.eu\/gizlilik-politikasi\/"},"modified":"2026-01-25T20:38:52","modified_gmt":"2026-01-25T20:38:52","slug":"gizlilik-politikasi","status":"publish","type":"page","link":"https:\/\/flughafentaxi-muenchen.eu\/tr\/gizlilik-politikasi\/","title":{"rendered":"Gizlilik Politikas\u0131"},"content":{"rendered":"<div class=\"fusion-fullwidth fullwidth-box fusion-builder-row-1 fusion-flex-container has-pattern-background has-mask-background nonhundred-percent-fullwidth non-hundred-percent-height-scrolling\" style=\"--awb-border-radius-top-left:0px;--awb-border-radius-top-right:0px;--awb-border-radius-bottom-right:0px;--awb-border-radius-bottom-left:0px;--awb-flex-wrap:wrap;\" ><div class=\"fusion-builder-row fusion-row fusion-flex-align-items-flex-start fusion-flex-content-wrap\" style=\"max-width:1256.6px;margin-left: calc(-3% \/ 2 );margin-right: calc(-3% \/ 2 );\"><div class=\"fusion-layout-column fusion_builder_column fusion-builder-column-0 fusion_builder_column_1_1 1_1 fusion-flex-column\" style=\"--awb-bg-size:cover;--awb-width-large:100%;--awb-margin-top-large:50px;--awb-spacing-right-large:1.455%;--awb-margin-bottom-large:0px;--awb-spacing-left-large:1.455%;--awb-width-medium:100%;--awb-order-medium:0;--awb-spacing-right-medium:1.455%;--awb-spacing-left-medium:1.455%;--awb-width-small:100%;--awb-order-small:0;--awb-spacing-right-small:1.455%;--awb-spacing-left-small:1.455%;\"><div class=\"fusion-column-wrapper fusion-column-has-shadow fusion-flex-justify-content-flex-start fusion-content-layout-column\"><div class=\"fusion-title title fusion-title-1 fusion-sep-none fusion-title-text fusion-title-size-three\"><h3 class=\"fusion-title-heading title-heading-left fusion-responsive-typography-calculated\" style=\"margin:0;--fontSize:36;line-height:var(--awb-typography1-line-height);\">Gizlilik Politikas\u0131<\/h3><\/div><div class=\"fusion-text fusion-text-1\"><h1><b>Gizlilik Politikas\u0131<\/b><\/h1>\n<h2><b>1. sorumlu ki\u015fi<\/b><\/h2>\n<p class=\"p3\">Bu web sitesinde veri i\u015fleme sorumlusu<\/p>\n<p class=\"p3\">Taksi ve ara\u00e7 kiralama \u015firketleri<\/p>\n<p class=\"p3\">Fatma Kol<\/p>\n<p class=\"p3\">85399 Hallbergmoos<\/p>\n<p class=\"p3\">Almanya<\/p>\n<p class=\"p3\">Telefon: +49 171 126 51 83<\/p>\n<p class=\"p3\">E-posta: info@flughafentaxi-muenchen.eu<\/p>\n<hr>\n<h2><b>2. genel bi\u0307lgi\u0307ler<\/b><\/h2>\n<p class=\"p3\">Ki\u015fisel verilerinizin korunmas\u0131 bizim i\u00e7in \u00f6nemlidir. Ki\u015fisel veriler, sizi ki\u015fisel olarak tan\u0131mlamak i\u00e7in kullan\u0131labilecek t\u00fcm verilerdir. Bu gizlilik politikas\u0131nda, hangi verileri toplad\u0131\u011f\u0131m\u0131z\u0131, bunlar\u0131 ne i\u00e7in kulland\u0131\u011f\u0131m\u0131z\u0131 ve hangi haklara sahip oldu\u011funuzu a\u00e7\u0131kl\u0131yoruz.  <\/p>\n<hr>\n<h2><b>3. STRATO ve sunucu g\u00fcnl\u00fck dosyalar\u0131 ile bar\u0131nd\u0131rma<\/b><\/h2>\n<p class=\"p3\">Web sitemiz STRATO AG taraf\u0131ndan bar\u0131nd\u0131r\u0131lmaktad\u0131r. Bar\u0131nd\u0131rma kapsam\u0131nda STRATO, web sitesinin \u00e7al\u0131\u015fmas\u0131 i\u00e7in gerekli olan teknik verileri i\u015fler. <\/p>\n<p class=\"p3\">\u00d6zellikle a\u015fa\u011f\u0131daki veriler sunucu g\u00fcnl\u00fck dosyalar\u0131nda i\u015flenir:<\/p>\n<ul>\n<li>\n<p class=\"p1\">IP adresi<\/p>\n<\/li>\n<li>\n<p class=\"p1\">Eri\u015fim tarihi ve saati<\/p>\n<\/li>\n<li>\n<p class=\"p1\">eri\u015filen sayfa<\/p>\n<\/li>\n<li>\n<p class=\"p1\">Aktar\u0131lan veri miktar\u0131<\/p>\n<\/li>\n<li>\n<p class=\"p1\">Taray\u0131c\u0131 t\u00fcr\u00fc ve i\u015fletim sistemi<\/p>\n<\/li>\n<li>\n<p class=\"p1\">Y\u00f6nlendiren URL<\/p>\n<\/li>\n<\/ul>\n<p class=\"p3\">\u0130\u015fleme, web sitesinin istikrarl\u0131 ve g\u00fcvenli \u00e7al\u0131\u015fmas\u0131n\u0131 sa\u011flamak ve hatalar\u0131 analiz etmek ve sald\u0131r\u0131lara kar\u015f\u0131 savunmak i\u00e7in ger\u00e7ekle\u015ftirilir.<\/p>\n<p class=\"p4\"><b>Yasal dayanak:<\/b><b><\/b><\/p>\n<p class=\"p3\">GDPR 6. Madde 1. F\u0131kra f bendi (g\u00fcvenlik ve istikrara ili\u015fkin me\u015fru menfaat).  <\/p>\n<hr>\n<h2><b>4. Complianz ile \u00e7erezler ve onay y\u00f6netimi<\/b><\/h2>\n<p class=\"p3\">Onay y\u00f6netimi arac\u0131n\u0131 kullan\u0131yoruz <span class=\"s2\"><b>Complianz<\/b><\/span>\u00e7erezler ve benzer teknolojiler i\u00e7in onaylar\u0131 y\u00f6netmek i\u00e7in.<\/p>\n<p class=\"p3\">Pazarlama ve analiz hizmetleri (\u00f6rn. Google Analytics, Google Ads D\u00f6n\u00fc\u015f\u00fcm \u0130zleme) yaln\u0131zca <span class=\"s2\"><b>yaln\u0131zca aktif onay\u0131n\u0131zdan sonra y\u00fcklenir<\/b><\/span> y\u00fcklendi. Onay olmadan, yaln\u0131zca teknik olarak gerekli \u00e7erezler ayarlanacakt\u0131r. <\/p>\n<p class=\"p3\">Web sitemizdeki \u00e7erez ayarlar\u0131 arac\u0131l\u0131\u011f\u0131yla izninizi istedi\u011finiz zaman iptal edebilir veya ayarlayabilirsiniz.<\/p>\n<p class=\"p4\"><b>Yasal dayanak:<\/b><b><\/b><\/p>\n<p class=\"p3\">Madde 6 paragraf 1 lit. a GDPR ve \u00a7 25 TDDDG, onay gerekli oldu\u011fu s\u00fcrece.  <\/p>\n<hr>\n<h2><b>5. \u0130leti\u015fim (formlar, e-posta, telefon)<\/b><\/h2>\n<p class=\"p3\">Bizimle form, e-posta veya telefon yoluyla ileti\u015fime ge\u00e7erseniz, talebinizle ilgilenmek i\u00e7in sa\u011flad\u0131\u011f\u0131n\u0131z verileri i\u015fleyece\u011fiz.<\/p>\n<p class=\"p3\">\u0130\u015flenen veriler \u015funlar olabilir<\/p>\n<ul>\n<li>\n<p class=\"p1\">\u0130sim<\/p>\n<\/li>\n<li>\n<p class=\"p1\">Telefon numaras\u0131<\/p>\n<\/li>\n<li>\n<p class=\"p1\">E-posta adresi<\/p>\n<\/li>\n<li>\n<p class=\"p1\">Mesaj i\u00e7eri\u011fi<\/p>\n<\/li>\n<\/ul>\n<p class=\"p4\"><b>Yasal dayanak:<\/b><b><\/b><\/p>\n<p class=\"p3\">GDPR Madde 6 Paragraf 1 Bent b (s\u00f6zle\u015fme \u00f6ncesi \u00f6nlemler veya s\u00f6zle\u015fmenin yerine getirilmesi) veya GDPR Madde 6 Paragraf 1 Bent f (ileti\u015fimde me\u015fru menfaat).    <\/p>\n<hr>\n<h2><b>6. yolculuk talepleri ve rezervasyonlar<\/b><\/h2>\n<p class=\"p3\">\u00c7evrimi\u00e7i yolculuk sorgulamalar\u0131 ve rezervasyonlar\u0131 i\u00e7in, \u00f6zellikle yolculu\u011fu planlamak, onaylamak ve ger\u00e7ekle\u015ftirmek i\u00e7in gerekli verileri i\u015fleriz<\/p>\n<ul>\n<li>\n<p class=\"p1\">Teslim alma yeri ve var\u0131\u015f noktas\u0131<\/p>\n<\/li>\n<li>\n<p class=\"p1\">Tarih ve saat<\/p>\n<\/li>\n<li>\n<p class=\"p1\">Ara\u00e7 se\u00e7imi<\/p>\n<\/li>\n<li>\n<p class=\"p1\">Ki\u015fi say\u0131s\u0131 ve bagaj talimatlar\u0131<\/p>\n<\/li>\n<li>\n<p class=\"p1\">\u0130sim, telefon numaras\u0131, e-posta adresi<\/p>\n<\/li>\n<\/ul>\n<p class=\"p3\">Onay ve her t\u00fcrl\u00fc soru e-posta veya telefon yoluyla g\u00f6nderilecektir.<\/p>\n<p class=\"p4\"><b>Yasal dayanak:<\/b><b><\/b><\/p>\n<p class=\"p3\">Madde 6 paragraf 1 lit. b GDPR.  <\/p>\n<hr>\n<h2><b>7. SMTP arac\u0131l\u0131\u011f\u0131yla e-posta g\u00f6nderimi<\/b><\/h2>\n<p class=\"p3\">Rezervasyon onaylar\u0131 ve sorgular\u0131, sunucu taraf\u0131ndaki SMTP posta yap\u0131land\u0131rmam\u0131z arac\u0131l\u0131\u011f\u0131yla g\u00f6nderilir.<\/p>\n<p class=\"p4\"><b>Yasal dayanak:<\/b><b><\/b><\/p>\n<p class=\"p3\">Madde 6 paragraf 1 lit. b GDPR.  <\/p>\n<hr>\n<h2><b>8 Google Analytics 4<\/b><\/h2>\n<p class=\"p3\">Google Ireland Limited, Gordon House, Barrow Street, Dublin 4, \u0130rlanda taraf\u0131ndan sa\u011flanan bir web analiz hizmeti olan Google Analytics 4&#8217;\u00fc kullan\u0131yoruz.<\/p>\n<p class=\"p3\">Google Analytics, a\u015fa\u011f\u0131daki gibi kullan\u0131m verilerini i\u015fler:<\/p>\n<ul>\n<li>\n<p class=\"p1\">Sayfa g\u00f6r\u00fcnt\u00fclemeleri<\/p>\n<\/li>\n<li>\n<p class=\"p1\">Etkile\u015fimler (olaylar), \u00f6rne\u011fin form etkile\u015fimleri<\/p>\n<\/li>\n<li>\n<p class=\"p1\">Son cihaza ili\u015fkin teknik bilgiler<\/p>\n<\/li>\n<li>\n<p class=\"p1\">Yakla\u015f\u0131k konum bilgisi<\/p>\n<\/li>\n<\/ul>\n<p class=\"p3\">\u0130\u015fleme yaln\u0131zca sizin izninizle ger\u00e7ekle\u015fir. Sizi do\u011frudan tan\u0131mlamam\u0131z m\u00fcmk\u00fcn de\u011fildir. <\/p>\n<p class=\"p4\"><b>Yasal dayanak:<\/b><b><\/b><\/p>\n<p class=\"p3\">Madde 6 paragraf 1 lit. a GDPR ve \u00a7 25 TDDDG.  <\/p>\n<p class=\"p4\"><b>\u00dc\u00e7\u00fcnc\u00fc \u00fclke transferi:<\/b><b><\/b><\/p>\n<p class=\"p3\">ABD&#8217;ye veri aktar\u0131m\u0131 g\u00f6z ard\u0131 edilemez. Google, AB-ABD Veri Gizlili\u011fi \u00c7er\u00e7evesi uyar\u0131nca sertifikaland\u0131r\u0131lm\u0131\u015ft\u0131r. <\/p>\n<hr>\n<h2><b>9 Google Ads D\u00f6n\u00fc\u015f\u00fcm Takibi<\/b><\/h2>\n<p class=\"p3\">Reklamlar\u0131m\u0131z\u0131n ba\u015far\u0131s\u0131n\u0131 \u00f6l\u00e7mek i\u00e7in Google Ads D\u00f6n\u00fc\u015f\u00fcm \u0130zleme&#8217;yi kullan\u0131yoruz. Sa\u011flay\u0131c\u0131 ayn\u0131 zamanda Google Ireland Limited&#8217;dir. <\/p>\n<p class=\"p3\">Web sitemizdeki etkile\u015fimler (\u00f6rne\u011fin formlar\u0131n g\u00f6nderilmesi veya ileti\u015fim se\u00e7eneklerine t\u0131klanmas\u0131), bir reklam\u0131n bir sorguya yol a\u00e7\u0131p a\u00e7mad\u0131\u011f\u0131n\u0131 analiz etmek i\u00e7in kaydedilir. Veriler anonimle\u015ftirilmi\u015f veya takma adla i\u015flenir ve bireysel kullan\u0131c\u0131lar\u0131n do\u011frudan tan\u0131mlanmas\u0131na izin vermez. <\/p>\n<p class=\"p4\"><b>Yasal dayanak:<\/b><b><\/b><\/p>\n<p class=\"p3\">Madde 6 paragraf 1 lit. a GDPR ve \u00a7 25 TDDDG.  <\/p>\n<p class=\"p4\"><b>\u00dc\u00e7\u00fcnc\u00fc \u00fclke transferi:<\/b><b><\/b><\/p>\n<p class=\"p3\">ABD&#8217;ye aktar\u0131m hari\u00e7 tutulamaz. Google, AB-ABD Veri Gizlili\u011fi \u00c7er\u00e7evesi uyar\u0131nca onaylanm\u0131\u015ft\u0131r. <\/p>\n<hr>\n<h2><b>10 Google Etiket Y\u00f6neticisi<\/b><\/h2>\n<p class=\"p3\">Web sitesi etiketlerini teknik olarak y\u00f6netmek i\u00e7in Google Tag Manager (sa\u011flay\u0131c\u0131: Google Ireland Limited) kullan\u0131yoruz.<\/p>\n<p class=\"p3\">Google Tag Manager&#8217;\u0131n kendisi herhangi bir ki\u015fisel veri i\u015flemez ve herhangi bir \u00e7erez ayarlamaz. Yaln\u0131zca di\u011fer hizmetleri teknik olarak entegre etmek i\u00e7in kullan\u0131l\u0131r ve bunlar da yaln\u0131zca onay y\u00f6netimi arac\u0131m\u0131z arac\u0131l\u0131\u011f\u0131yla onay\u0131n\u0131zdan sonra y\u00fcklenir. <\/p>\n<p class=\"p4\"><b>Yasal dayanak:<\/b><b><\/b><\/p>\n<p class=\"p3\">Madde 6 paragraf 1 lit. a GDPR, onay gerektiren hizmetler kontrol edildi\u011fi s\u00fcrece.  <\/p>\n<hr>\n<h2><b>11. google maps<\/b><\/h2>\n<p class=\"p3\">Google Haritalar, konumlar\u0131 veya yol tariflerini g\u00f6stermek i\u00e7in web sitemize entegre edilebilir. Harita y\u00fcklendi\u011finde, Google ile bir ba\u011flant\u0131 kurulur ve bu sayede teknik veriler (\u00f6rn. IP adresi) i\u015flenebilir. <\/p>\n<p class=\"p3\">Google Haritalar yaln\u0131zca sizin izninizle y\u00fcklenecektir.<\/p>\n<p class=\"p4\"><b>Yasal dayanak:<\/b><b><\/b><\/p>\n<p class=\"p3\">Madde 6 paragraf 1 lit. a GDPR ve \u00a7 25 TDDDG.  <\/p>\n<hr>\n<h2><b>12. google yaz\u0131 tipleri<\/b><\/h2>\n<p class=\"p3\">Google Yaz\u0131 Tipleri sunucumuza yerel olarak entegre edilmi\u015ftir. Google sunucular\u0131na herhangi bir ba\u011flant\u0131 yoktur. <\/p>\n<hr>\n<h2><b>13. WPML ile \u00e7ok dillilik<\/b><\/h2>\n<p class=\"p3\">\u00c7ok dilli i\u00e7erik sa\u011flamak i\u00e7in WPML kullan\u0131yoruz. Dil se\u00e7iminizi kaydetmek i\u00e7in teknik olarak gerekli bir \u00e7erez ayarlanabilir. <\/p>\n<p class=\"p4\"><b>Yasal dayanak:<\/b><b><\/b><\/p>\n<p class=\"p3\">GDPR 6. madde 1. f\u0131kra f bendi ve TDDDG 25. madde 2. f\u0131kra.   <\/p>\n<hr>\n<h2><b>14. WhatsApp ileti\u015fim<\/b><\/h2>\n<p class=\"p3\">Web sitemize bir WhatsApp ba\u011flant\u0131s\u0131 (https:\/\/wa.me\/491711265183) entegre edilmi\u015ftir. WhatsApp (Meta Platforms Ireland Limited) ile ba\u011flant\u0131 yaln\u0131zca bu ba\u011flant\u0131ya aktif olarak t\u0131klad\u0131\u011f\u0131n\u0131zda kurulur. Bu durumda WhatsApp gizlilik politikas\u0131 ge\u00e7erlidir.  <\/p>\n<p class=\"p3\">Alternatif olarak, istedi\u011finiz zaman telefon veya e-posta yoluyla bizimle ileti\u015fime ge\u00e7ebilirsiniz.<\/p>\n<p class=\"p4\"><b>Yasal dayanak:<\/b><b><\/b><\/p>\n<p class=\"p3\">Madde 6 paragraf 1 lit. a GDPR.  <\/p>\n<hr>\n<h2><b>15. saklama s\u00fcresi<\/b><\/h2>\n<p class=\"p3\">Ki\u015fisel verileri yaln\u0131zca ilgili ama\u00e7 i\u00e7in gerekli oldu\u011fu s\u00fcrece veya yasal saklama y\u00fck\u00fcml\u00fcl\u00fckleri oldu\u011fu s\u00fcrece saklar\u0131z.<\/p>\n<ul>\n<li>\n<p class=\"p1\">\u0130leti\u015fim sorular\u0131: son i\u015fleme kadar<\/p>\n<\/li>\n<li>\n<p class=\"p1\">Yolculuk talepleri ve i\u015f belgeleri: yasal saklama y\u00fck\u00fcml\u00fcl\u00fcklerine uygun olarak<\/p>\n<\/li>\n<\/ul>\n<hr>\n<h2><b>16. haklariniz<\/b><\/h2>\n<p class=\"p3\">Bilgi edinme, d\u00fczeltme, silme, i\u015flemenin k\u0131s\u0131tlanmas\u0131, veri ta\u015f\u0131nabilirli\u011fi ve GDPR Madde 6 paragraf 1 lit. f temelinde i\u015flemeye itiraz etme hakk\u0131na sahipsiniz.  <\/p>\n<p class=\"p3\">Onay\u0131n\u0131z\u0131 gelecekte ge\u00e7erli olmak \u00fczere istedi\u011finiz zaman iptal edebilirsiniz.<\/p>\n<p class=\"p3\">Ayr\u0131ca yetkili bir veri koruma denetim makam\u0131na \u015fikayette bulunma hakk\u0131na da sahipsiniz.<\/p>\n<hr>\n<h2><b>17 Otomatik karar verme<\/b><\/h2>\n<p class=\"p3\">Otomatik karar verme veya yasal etkiye sahip profil olu\u015fturma ger\u00e7ekle\u015fmez.<\/p>\n<hr>\n<h2><b>18. Stand<\/b><\/h2>\n<p class=\"p3\">Durum: 25.01.2026<\/p>\n<p class=\"p3\">Yasal gerekliliklerin veya web sitemizin de\u011fi\u015fmesi halinde bu gizlilik politikas\u0131n\u0131 uyarlama hakk\u0131m\u0131z\u0131 sakl\u0131 tutar\u0131z.<\/p>\n<\/div><\/div><\/div><\/div><\/div>\n","protected":false},"excerpt":{"rendered":"","protected":false},"author":1,"featured_media":0,"parent":0,"menu_order":0,"comment_status":"closed","ping_status":"closed","template":"","meta":{"_acf_changed":false,"footnotes":""},"class_list":["post-24063","page","type-page","status-publish","hentry"],"acf":[],"_links":{"self":[{"href":"https:\/\/flughafentaxi-muenchen.eu\/tr\/wp-json\/wp\/v2\/pages\/24063","targetHints":{"allow":["GET"]}}],"collection":[{"href":"https:\/\/flughafentaxi-muenchen.eu\/tr\/wp-json\/wp\/v2\/pages"}],"about":[{"href":"https:\/\/flughafentaxi-muenchen.eu\/tr\/wp-json\/wp\/v2\/types\/page"}],"author":[{"embeddable":true,"href":"https:\/\/flughafentaxi-muenchen.eu\/tr\/wp-json\/wp\/v2\/users\/1"}],"replies":[{"embeddable":true,"href":"https:\/\/flughafentaxi-muenchen.eu\/tr\/wp-json\/wp\/v2\/comments?post=24063"}],"version-history":[{"count":3,"href":"https:\/\/flughafentaxi-muenchen.eu\/tr\/wp-json\/wp\/v2\/pages\/24063\/revisions"}],"predecessor-version":[{"id":24457,"href":"https:\/\/flughafentaxi-muenchen.eu\/tr\/wp-json\/wp\/v2\/pages\/24063\/revisions\/24457"}],"wp:attachment":[{"href":"https:\/\/flughafentaxi-muenchen.eu\/tr\/wp-json\/wp\/v2\/media?parent=24063"}],"curies":[{"name":"wp","href":"https:\/\/api.w.org\/{rel}","templated":true}]}}