{"id":24600,"date":"2026-02-18T13:31:58","date_gmt":"2026-02-18T13:31:58","guid":{"rendered":"https:\/\/flughafentaxi-muenchen.eu\/blog\/"},"modified":"2026-02-25T12:07:02","modified_gmt":"2026-02-25T12:07:02","slug":"blog","status":"publish","type":"page","link":"https:\/\/flughafentaxi-muenchen.eu\/tr\/blog\/","title":{"rendered":"blog"},"content":{"rendered":"<p><div class=\"fusion-fullwidth fullwidth-box fusion-builder-row-1 fusion-flex-container has-pattern-background has-mask-background nonhundred-percent-fullwidth non-hundred-percent-height-scrolling\" style=\"--awb-border-radius-top-left:0px;--awb-border-radius-top-right:0px;--awb-border-radius-bottom-right:0px;--awb-border-radius-bottom-left:0px;--awb-flex-wrap:wrap;\" ><div class=\"fusion-builder-row fusion-row fusion-flex-align-items-flex-start fusion-flex-content-wrap\" style=\"max-width:1256.6px;margin-left: calc(-3% \/ 2 );margin-right: calc(-3% \/ 2 );\"><div class=\"fusion-layout-column fusion_builder_column fusion-builder-column-0 fusion_builder_column_1_1 1_1 fusion-flex-column\" style=\"--awb-bg-size:cover;--awb-width-large:100%;--awb-spacing-right-large:1.455%;--awb-margin-bottom-large:0px;--awb-spacing-left-large:1.455%;--awb-width-medium:100%;--awb-order-medium:0;--awb-spacing-right-medium:1.455%;--awb-spacing-left-medium:1.455%;--awb-width-small:100%;--awb-order-small:0;--awb-spacing-right-small:1.455%;--awb-spacing-left-small:1.455%;\"><div class=\"fusion-column-wrapper fusion-column-has-shadow fusion-flex-justify-content-flex-start fusion-content-layout-column\"><div class=\"fusion-title title fusion-title-1 fusion-sep-none fusion-title-text fusion-title-size-three\" style=\"--awb-margin-top:20px;\"><h3 class=\"fusion-title-heading title-heading-left fusion-responsive-typography-calculated\" style=\"margin:0;text-transform:none;--fontSize:36;line-height:var(--awb-typography1-line-height);\">Seyahatiniz, sorular\u0131n\u0131z ve haberler hakk\u0131nda blog<\/h3><\/div><\/div><\/div><\/div><\/div><div class=\"fusion-fullwidth fullwidth-box fusion-builder-row-2 fusion-flex-container has-pattern-background has-mask-background nonhundred-percent-fullwidth non-hundred-percent-height-scrolling\" style=\"--awb-border-radius-top-left:0px;--awb-border-radius-top-right:0px;--awb-border-radius-bottom-right:0px;--awb-border-radius-bottom-left:0px;--awb-margin-bottom:30px;--awb-flex-wrap:wrap;\" ><div class=\"fusion-builder-row fusion-row fusion-flex-align-items-flex-start fusion-flex-content-wrap\" style=\"max-width:1256.6px;margin-left: calc(-3% \/ 2 );margin-right: calc(-3% \/ 2 );\"><div class=\"fusion-layout-column fusion_builder_column fusion-builder-column-1 fusion_builder_column_1_1 1_1 fusion-flex-column\" style=\"--awb-bg-size:cover;--awb-width-large:100%;--awb-spacing-right-large:1.455%;--awb-margin-bottom-large:0px;--awb-spacing-left-large:1.455%;--awb-width-medium:100%;--awb-order-medium:0;--awb-spacing-right-medium:1.455%;--awb-spacing-left-medium:1.455%;--awb-width-small:100%;--awb-order-small:0;--awb-spacing-right-small:1.455%;--awb-spacing-left-small:1.455%;\"><div class=\"fusion-column-wrapper fusion-column-has-shadow fusion-flex-justify-content-flex-start fusion-content-layout-column\"><div class=\"fusion-post-cards fusion-post-cards-1 awb-carousel awb-swiper awb-swiper-carousel awb-swiper-dots-position-bottom\" style=\"--awb-dots-align:center;--awb-active-filter-border-size:3px;--awb-filters-height:36px;\" data-autoplay=\"no\" data-autoplayspeed=\"2500\" data-autoplaypause=\"no\" data-loop=\"yes\" data-columns=\"4\" data-columnsmedium=\"0\" data-columnssmall=\"0\" data-itemmargin=\"40\" data-itemwidth=\"180\" data-touchscroll=\"no\" data-freemode=\"no\" data-imagesize=\"auto\" data-scrollitems=\"0\" data-mousepointer=\"default\" data-layout=\"carousel\" data-centeredslides=\"no\" data-shadow=\"no\" data-speed=\"500\" data-rotationangle=\"50\" data-depth=\"100\"><div class=\"swiper-wrapper fusion-flex-align-items-flex-start\"><div class=\"fusion_builder_column fusion-builder-column-2 fusion-flex-column post-card swiper-slide\" style=\"--awb-padding-top:40px;--awb-padding-right:40px;--awb-padding-bottom:40px;--awb-padding-left:40px;--awb-overflow:hidden;--awb-bg-color:var(--awb-color6);--awb-bg-color-hover:var(--awb-color6);--awb-bg-size:cover;--awb-border-radius:20px 20px 20px 20px;--awb-flex-grow:0;--awb-flex-shrink:0;--awb-flex-grow-medium:0;--awb-flex-shrink-medium:0;--awb-flex-grow-small:0;--awb-flex-shrink-small:0;\"><div class=\"fusion-column-wrapper fusion-flex-justify-content-flex-start fusion-content-layout-column fusion-carousel-item-wrapper\"><div class=\"fusion-meta-tb fusion-meta-tb-1 floated\" style=\"--awb-border-bottom:0px;--awb-border-top:0px;--awb-height:30px;--awb-font-size:14px;--awb-padding-bottom:24px;--awb-padding-top:8px;--awb-link-color:var(--awb-color3);--awb-text-hover-color:var(--awb-custom_color_2);--awb-alignment-medium:flex-start;--awb-alignment-small:flex-start;\"><span class=\"fusion-tb-published-date\">18.02.2026<\/span><span class=\"fusion-meta-tb-sep\"><\/span><\/div><div class=\"fusion-title title fusion-title-2 fusion-sep-none fusion-title-text fusion-title-size-four\" style=\"--awb-text-color:var(--awb-color4);--awb-margin-bottom-small:24px;--awb-link-color:var(--awb-color4);--awb-link-hover-color:var(--awb-color3);--awb-font-size:23px;\"><h4 class=\"fusion-title-heading title-heading-left fusion-responsive-typography-calculated\" style=\"margin:0;text-transform:none;font-size:1em;--fontSize:23;line-height:var(--awb-typography1-line-height);\"><a href=\"https:\/\/flughafentaxi-muenchen.eu\/tr\/blog\/muenih-havalimanindan-erken-ucus-gercekten-ne-zaman-ayrilmalisiniz\/\" class=\"awb-custom-text-color awb-custom-text-hover-color\" target=\"_self\">M\u00fcnih Havaliman\u0131&#8217;ndan erken u\u00e7u\u015f: Ger\u00e7ekten ne zaman ayr\u0131lmal\u0131s\u0131n\u0131z?<\/a><\/h4><\/div><div class=\"fusion-content-tb fusion-content-tb-1\" style=\"--awb-text-color:var(--awb-color1);--awb-text-transform:none;\"><p> Sabah 6:00'daki bir u\u00e7u\u015f kula\u011fa rahatlat\u0131c\u0131 geliyor. Ta ki sabah 4:00'te havaalan\u0131nda olman\u0131z gerekti\u011fini fark edene kadar. Bir\u00e7ok gezgin zaman planlamas\u0131n\u0131 hafife al\u0131r: \u00f6zellikle erken kalk\u0131\u015flar i\u00e7in. M\u00fcnih Havaliman\u0131'na [...]<\/p><\/div><div class=\"fusion-meta-tb fusion-meta-tb-2 floated\" style=\"--awb-border-bottom:0px;--awb-border-top:0px;--awb-height:30px;--awb-font-size:14px;--awb-padding-bottom:8px;--awb-text-color:#ffffff;--awb-text-hover-color:var(--awb-custom_color_2);--awb-alignment-medium:flex-start;--awb-alignment-small:flex-start;\"><\/div><\/div><\/div>\n<div class=\"fusion_builder_column fusion-builder-column-3 fusion-flex-column post-card swiper-slide\" style=\"--awb-padding-top:40px;--awb-padding-right:40px;--awb-padding-bottom:40px;--awb-padding-left:40px;--awb-overflow:hidden;--awb-bg-color:var(--awb-color6);--awb-bg-color-hover:var(--awb-color6);--awb-bg-size:cover;--awb-border-radius:20px 20px 20px 20px;--awb-flex-grow:0;--awb-flex-shrink:0;--awb-flex-grow-medium:0;--awb-flex-shrink-medium:0;--awb-flex-grow-small:0;--awb-flex-shrink-small:0;\"><div class=\"fusion-column-wrapper fusion-flex-justify-content-flex-start fusion-content-layout-column fusion-carousel-item-wrapper\"><div class=\"fusion-meta-tb fusion-meta-tb-3 floated\" style=\"--awb-border-bottom:0px;--awb-border-top:0px;--awb-height:30px;--awb-font-size:14px;--awb-padding-bottom:24px;--awb-padding-top:8px;--awb-link-color:var(--awb-color3);--awb-text-hover-color:var(--awb-custom_color_2);--awb-alignment-medium:flex-start;--awb-alignment-small:flex-start;\"><span class=\"fusion-tb-published-date\">18.02.2026<\/span><span class=\"fusion-meta-tb-sep\"><\/span><\/div><div class=\"fusion-title title fusion-title-3 fusion-sep-none fusion-title-text fusion-title-size-four\" style=\"--awb-text-color:var(--awb-color4);--awb-margin-bottom-small:24px;--awb-link-color:var(--awb-color4);--awb-link-hover-color:var(--awb-color3);--awb-font-size:23px;\"><h4 class=\"fusion-title-heading title-heading-left fusion-responsive-typography-calculated\" style=\"margin:0;text-transform:none;font-size:1em;--fontSize:23;line-height:var(--awb-typography1-line-height);\"><a href=\"https:\/\/flughafentaxi-muenchen.eu\/tr\/blog\/ischglde-kis-hafta-sonu-maliyetler-oraya-nasil-gidilir-ve-oenceden-bilmeniz-gerekenler-2026\/\" class=\"awb-custom-text-color awb-custom-text-hover-color\" target=\"_self\">Ischgl&#8217;de k\u0131\u015f hafta sonu: maliyetler, oraya nas\u0131l gidilir ve \u00f6nceden bilmeniz gerekenler (2026)<\/a><\/h4><\/div><div class=\"fusion-content-tb fusion-content-tb-2\" style=\"--awb-text-color:var(--awb-color1);--awb-text-transform:none;\"><p> Ischgl, pek \u00e7ok ki\u015finin \"Bir kez deneyimlemelisiniz\" dedi\u011fi kayak merkezlerinden biridir. Geni\u015f pistler, modern teleferikler, uzun bir sezon ve sportif zorluklarla konforun iyi bir kar\u0131\u015f\u0131m\u0131. G\u00fcney Almanya'dan bir hafta [...]<\/p><\/div><div class=\"fusion-meta-tb fusion-meta-tb-4 floated\" style=\"--awb-border-bottom:0px;--awb-border-top:0px;--awb-height:30px;--awb-font-size:14px;--awb-padding-bottom:8px;--awb-text-color:#ffffff;--awb-text-hover-color:var(--awb-custom_color_2);--awb-alignment-medium:flex-start;--awb-alignment-small:flex-start;\"><\/div><\/div><\/div>\n<\/div><div class=\"awb-swiper-button awb-swiper-button-prev\"><i class=\"awb-icon-angle-left\" aria-hidden=\"true\"><\/i><\/div><div class=\"awb-swiper-button awb-swiper-button-next\"><i class=\"awb-icon-angle-right\" aria-hidden=\"true\"><\/i><\/div><\/div><\/div><\/div><\/div><\/div><\/p>\n","protected":false},"excerpt":{"rendered":"","protected":false},"author":1,"featured_media":0,"parent":0,"menu_order":0,"comment_status":"closed","ping_status":"closed","template":"100-width.php","meta":{"_acf_changed":false,"footnotes":""},"class_list":["post-24600","page","type-page","status-publish","hentry"],"acf":[],"_links":{"self":[{"href":"https:\/\/flughafentaxi-muenchen.eu\/tr\/wp-json\/wp\/v2\/pages\/24600","targetHints":{"allow":["GET"]}}],"collection":[{"href":"https:\/\/flughafentaxi-muenchen.eu\/tr\/wp-json\/wp\/v2\/pages"}],"about":[{"href":"https:\/\/flughafentaxi-muenchen.eu\/tr\/wp-json\/wp\/v2\/types\/page"}],"author":[{"embeddable":true,"href":"https:\/\/flughafentaxi-muenchen.eu\/tr\/wp-json\/wp\/v2\/users\/1"}],"replies":[{"embeddable":true,"href":"https:\/\/flughafentaxi-muenchen.eu\/tr\/wp-json\/wp\/v2\/comments?post=24600"}],"version-history":[{"count":2,"href":"https:\/\/flughafentaxi-muenchen.eu\/tr\/wp-json\/wp\/v2\/pages\/24600\/revisions"}],"predecessor-version":[{"id":24602,"href":"https:\/\/flughafentaxi-muenchen.eu\/tr\/wp-json\/wp\/v2\/pages\/24600\/revisions\/24602"}],"wp:attachment":[{"href":"https:\/\/flughafentaxi-muenchen.eu\/tr\/wp-json\/wp\/v2\/media?parent=24600"}],"curies":[{"name":"wp","href":"https:\/\/api.w.org\/{rel}","templated":true}]}}